{"id":1659,"date":"2026-03-08T17:58:22","date_gmt":"2026-03-08T17:58:22","guid":{"rendered":"https:\/\/yeahman.ch\/?page_id=1659"},"modified":"2026-03-18T18:20:01","modified_gmt":"2026-03-18T18:20:01","slug":"vorbereitungen","status":"publish","type":"page","link":"https:\/\/yeahman.ch\/?page_id=1659","title":{"rendered":"Entstehung\/Vorbereitung"},"content":{"rendered":"\n<h2 class=\"wp-block-heading\">Warum tun wir uns das zum dritten Mal an?<\/h2>\n\n\n\n<p>Aller guten Dinge sind ja bekanntlich 3.<\/p>\n\n\n\n<h2 class=\"wp-block-heading\">Wer hatte die glorreiche Idee?<\/h2>\n\n\n\n<p>Urspr\u00fcnglich wollten wir Hausbootferien auf der Themse machen, doch Stefan ist zu gross daf\u00fcr und das kann warten bis wir alt und schrumpelig sind.<\/p>\n\n\n\n<h2 class=\"wp-block-heading\">Wie ist die Rollenverteilung?<\/h2>\n\n\n\n<p>Irene \u00fcbernimmt die Navigation und Stefan folgt &#8211; hat sich bew\u00e4hrt.<\/p>\n\n\n\n<h2 class=\"wp-block-heading\">Was w\u00fcnschen wir uns?<\/h2>\n\n\n\n<p>Pannenfrei durchkommen und ein Rentier knuddeln.<\/p>\n\n\n\n<h2 class=\"wp-block-heading\">Warum heissen wir &#8222;Yeahman&#8220;?<\/h2>\n\n\n\n<p>In der Karibik ist Yeahman die Standartantwort auf quasi jede Frage und wir hoffen so auf karibische Good Vibes.<\/p>\n\n\n\n<h2 class=\"wp-block-heading\">Wie verlief die Vorbereitung?<\/h2>\n\n\n\n<p>X-Materialbestellungen bei Galaxus, Ricardo, Autoshops und Camping-Freunde anpumpen.<\/p>\n\n\n\n<div class=\"wp-block-columns is-layout-flex wp-container-core-columns-is-layout-9d6595d7 wp-block-columns-is-layout-flex\">\n<div class=\"wp-block-column is-layout-flow wp-block-column-is-layout-flow\">\n<div class=\"wp-block-columns is-layout-flex wp-container-core-columns-is-layout-9d6595d7 wp-block-columns-is-layout-flex\">\n<div class=\"wp-block-column is-layout-flow wp-block-column-is-layout-flow\"><div class=\"wp-block-image\">\n<figure class=\"aligncenter size-large\"><img loading=\"lazy\" decoding=\"async\" width=\"768\" height=\"1024\" src=\"https:\/\/yeahman.ch\/wp-content\/uploads\/2026\/03\/IMG_8049-768x1024.jpeg\" alt=\"\" class=\"wp-image-1777\" srcset=\"https:\/\/yeahman.ch\/wp-content\/uploads\/2026\/03\/IMG_8049-768x1024.jpeg 768w, https:\/\/yeahman.ch\/wp-content\/uploads\/2026\/03\/IMG_8049-225x300.jpeg 225w, https:\/\/yeahman.ch\/wp-content\/uploads\/2026\/03\/IMG_8049-1152x1536.jpeg 1152w, https:\/\/yeahman.ch\/wp-content\/uploads\/2026\/03\/IMG_8049-1536x2048.jpeg 1536w, https:\/\/yeahman.ch\/wp-content\/uploads\/2026\/03\/IMG_8049-300x400.jpeg 300w, https:\/\/yeahman.ch\/wp-content\/uploads\/2026\/03\/IMG_8049-850x1133.jpeg 850w, https:\/\/yeahman.ch\/wp-content\/uploads\/2026\/03\/IMG_8049-scaled.jpeg 1920w\" sizes=\"auto, (max-width: 768px) 100vw, 768px\" \/><figcaption class=\"wp-element-caption\">Unsere Utensilien-Box<\/figcaption><\/figure>\n<\/div><\/div>\n\n\n\n<div class=\"wp-block-column is-layout-flow wp-block-column-is-layout-flow\"><div class=\"wp-block-image\">\n<figure class=\"aligncenter size-large\"><img loading=\"lazy\" decoding=\"async\" width=\"1024\" height=\"768\" src=\"https:\/\/yeahman.ch\/wp-content\/uploads\/2026\/03\/IMG_3005-1024x768.jpeg\" alt=\"\" class=\"wp-image-1778\" srcset=\"https:\/\/yeahman.ch\/wp-content\/uploads\/2026\/03\/IMG_3005-1024x768.jpeg 1024w, https:\/\/yeahman.ch\/wp-content\/uploads\/2026\/03\/IMG_3005-300x225.jpeg 300w, https:\/\/yeahman.ch\/wp-content\/uploads\/2026\/03\/IMG_3005-768x576.jpeg 768w, https:\/\/yeahman.ch\/wp-content\/uploads\/2026\/03\/IMG_3005-1536x1152.jpeg 1536w, https:\/\/yeahman.ch\/wp-content\/uploads\/2026\/03\/IMG_3005-2048x1536.jpeg 2048w, https:\/\/yeahman.ch\/wp-content\/uploads\/2026\/03\/IMG_3005-850x638.jpeg 850w\" sizes=\"auto, (max-width: 1024px) 100vw, 1024px\" \/><figcaption class=\"wp-element-caption\">Unser selbstgebasteltes Navigations-Cockpit<\/figcaption><\/figure>\n<\/div><\/div>\n<\/div>\n<\/div>\n<\/div>\n\n\n\n<p><\/p>\n","protected":false},"excerpt":{"rendered":"<p>Warum tun wir uns das zum dritten Mal an? Aller guten Dinge sind ja bekanntlich 3. Wer hatte die glorreiche Idee? Urspr\u00fcnglich wollten wir Hausbootferien auf der Themse machen, doch Stefan ist zu gross daf\u00fcr und das kann warten bis wir alt und schrumpelig sind. Wie ist die Rollenverteilung? Irene \u00fcbernimmt die Navigation und Stefan&#8230;<\/p>\n","protected":false},"author":2,"featured_media":0,"parent":1579,"menu_order":0,"comment_status":"closed","ping_status":"closed","template":"","meta":{"footnotes":""},"class_list":["post-1659","page","type-page","status-publish","hentry"],"_links":{"self":[{"href":"https:\/\/yeahman.ch\/index.php?rest_route=\/wp\/v2\/pages\/1659","targetHints":{"allow":["GET"]}}],"collection":[{"href":"https:\/\/yeahman.ch\/index.php?rest_route=\/wp\/v2\/pages"}],"about":[{"href":"https:\/\/yeahman.ch\/index.php?rest_route=\/wp\/v2\/types\/page"}],"author":[{"embeddable":true,"href":"https:\/\/yeahman.ch\/index.php?rest_route=\/wp\/v2\/users\/2"}],"replies":[{"embeddable":true,"href":"https:\/\/yeahman.ch\/index.php?rest_route=%2Fwp%2Fv2%2Fcomments&post=1659"}],"version-history":[{"count":17,"href":"https:\/\/yeahman.ch\/index.php?rest_route=\/wp\/v2\/pages\/1659\/revisions"}],"predecessor-version":[{"id":1800,"href":"https:\/\/yeahman.ch\/index.php?rest_route=\/wp\/v2\/pages\/1659\/revisions\/1800"}],"up":[{"embeddable":true,"href":"https:\/\/yeahman.ch\/index.php?rest_route=\/wp\/v2\/pages\/1579"}],"wp:attachment":[{"href":"https:\/\/yeahman.ch\/index.php?rest_route=%2Fwp%2Fv2%2Fmedia&parent=1659"}],"curies":[{"name":"wp","href":"https:\/\/api.w.org\/{rel}","templated":true}]}}