{"id":1589,"date":"2026-03-07T15:35:53","date_gmt":"2026-03-07T15:35:53","guid":{"rendered":"https:\/\/yeahman.ch\/?page_id=1589"},"modified":"2026-03-09T09:22:40","modified_gmt":"2026-03-09T09:22:40","slug":"unsere-charity-aktion","status":"publish","type":"page","link":"https:\/\/yeahman.ch\/?page_id=1589","title":{"rendered":"Unsere Charity-Aktion"},"content":{"rendered":"\n<div class=\"wp-block-columns is-layout-flex wp-container-core-columns-is-layout-9d6595d7 wp-block-columns-is-layout-flex\">\n<div class=\"wp-block-column is-layout-flow wp-block-column-is-layout-flow\">\n<div class=\"wp-block-columns is-layout-flex wp-container-core-columns-is-layout-9d6595d7 wp-block-columns-is-layout-flex\">\n<div class=\"wp-block-column is-layout-flow wp-block-column-is-layout-flow\">\n<figure class=\"wp-block-image size-full\"><img loading=\"lazy\" decoding=\"async\" width=\"612\" height=\"408\" src=\"https:\/\/yeahman.ch\/wp-content\/uploads\/2026\/03\/IMG_0805.jpeg\" alt=\"\" class=\"wp-image-1591\" srcset=\"https:\/\/yeahman.ch\/wp-content\/uploads\/2026\/03\/IMG_0805.jpeg 612w, https:\/\/yeahman.ch\/wp-content\/uploads\/2026\/03\/IMG_0805-300x200.jpeg 300w\" sizes=\"auto, (max-width: 612px) 100vw, 612px\" \/><\/figure>\n<\/div>\n\n\n\n<div class=\"wp-block-column is-vertically-aligned-center is-layout-flow wp-block-column-is-layout-flow\"><div class=\"wp-block-image\">\n<figure class=\"aligncenter size-full\"><a href=\"https:\/\/o-b-s.ch\/\" target=\"_blank\" rel=\" noreferrer noopener\"><img loading=\"lazy\" decoding=\"async\" width=\"500\" height=\"152\" src=\"https:\/\/yeahman.ch\/wp-content\/uploads\/2026\/03\/IMG_0806.jpeg\" alt=\"\" class=\"wp-image-1601\" srcset=\"https:\/\/yeahman.ch\/wp-content\/uploads\/2026\/03\/IMG_0806.jpeg 500w, https:\/\/yeahman.ch\/wp-content\/uploads\/2026\/03\/IMG_0806-300x91.jpeg 300w\" sizes=\"auto, (max-width: 500px) 100vw, 500px\" \/><\/a><\/figure>\n<\/div>\n\n\n<p><\/p>\n\n\n\n<div class=\"wp-block-buttons is-layout-flex wp-block-buttons-is-layout-flex\">\n<div class=\"wp-block-button\"><a class=\"wp-block-button__link has-text-align-center wp-element-button\">direkt zu den Zahlungsinformationen &gt;<\/a><\/div>\n<\/div>\n<\/div>\n<\/div>\n<\/div>\n<\/div>\n\n\n\n<p>Inspiriert vom Film <a href=\"https:\/\/de.wikipedia.org\/wiki\/Rat_Race_%E2%80%93_Der_nackte_Wahnsinn\" data-type=\"link\" data-id=\"https:\/\/de.wikipedia.org\/wiki\/Rat_Race_%E2%80%93_Der_nackte_Wahnsinn\" target=\"_blank\" rel=\"noreferrer noopener\">Rat Race mit John Cleese<\/a> l\u00f6st eines der folgenden Ereignisse auf unserer Rallye eine Spende von DIR an unser Charity Partner \u201e<a href=\"https:\/\/o-b-s.ch\" data-type=\"link\" data-id=\"https:\/\/o-b-s.ch\">Ostschweizer Blindenf\u00fchrhundeschule<\/a>\u201c aus. Im Angebot ist:<\/p>\n\n\n\n<ul class=\"wp-block-list\">\n<li>Je Moskitostich CHF 1.\u2013\u2013 pro Teammitglied (kann auch bis zu einem Maximalbetrag gedeckelt werden)<\/li>\n\n\n\n<li>pro Verfahren CHF 10.\u2013\u2013<\/li>\n\n\n\n<li>pro Mal Schneeketten montieren CHF 10.\u2013\u2013<\/li>\n\n\n\n<li>F\u00e4hre verpassen CHF 30.\u2013\u2013<\/li>\n\n\n\n<li>Reifenpanne CHF 40.\u2013\u2013<\/li>\n\n\n\n<li>Fahrzeug abschleppen lassen CHF 50.\u2013\u2013<\/li>\n\n\n\n<li>Teammitglied l\u00e4sst sich abschleppen CHF 100.\u2013\u2013, Vorsicht:  l\u00f6st automatisch auch \u201egetrennt \u00dcbernachten\u201c aus<\/li>\n\n\n\n<li>Ein Rentier anfahren, unabsichtlich CHF 100.\u2013\u2013 \/ absichtlich CHF 300.\u2013\u2013<\/li>\n\n\n\n<li>getrennte \u00dcbernachtung der Teammitglieder wegen Streit CHF 200.\u2013\u2013<\/li>\n\n\n\n<li>Auto Totalschaden, Weiterfahrt unm\u00f6glich CHF 300.\u2013\u2013, eventuell mit \u201eRentier\u201c kommulierbar<\/li>\n\n\n\n<li><em>dein Vorschlag k\u00f6nnte hier stehen<\/em><\/li>\n<\/ul>\n\n\n\n<p>Unser Ziel ist es, bis sp\u00e4testens dem 27. Juli mehr als CHF 500 zu sammeln. Jeder Betrag ist willkommen \u2013 damit eine sehbehinderte oder blinde Person eine gewisse Lebensqualit\u00e4t zur\u00fcckerh\u00e4lt. Schreibt mit Hilfe der Kommentarfunktion (daf\u00fcr ist ein Login n\u00f6tig), welches\/welche Ereignisse uns passieren werden, somit ist auch ein Austausch mit unseren Follower m\u00f6glich.<\/p>\n\n\n\n<p>Wir kommunizieren laufend alle Ereignisse, die eingetroffen sind auf unserer t\u00e4glichen Reise-Blog-Seite (Frust &#x1f624;). So k\u00f6nnt ihr nachvollziehen, was aus euch zukommt und Geld zur Seite legen \ud83d\ude09<\/p>\n\n\n\n<p>&#x2764;&#xfe0f;-lichen Dank in Voraus &#x1f64f;<\/p>\n\n\n\n<h2 class=\"wp-block-heading\" id=\"Zahlungsinformationen\">Zahlungsinformationen:<\/h2>\n\n\n\n<div class=\"wp-block-columns is-layout-flex wp-container-core-columns-is-layout-9d6595d7 wp-block-columns-is-layout-flex\">\n<div class=\"wp-block-column is-layout-flow wp-block-column-is-layout-flow\">\n<figure class=\"wp-block-image size-full\"><a href=\"#Zahlungsinformationen\"><img loading=\"lazy\" decoding=\"async\" width=\"355\" height=\"355\" src=\"https:\/\/yeahman.ch\/wp-content\/uploads\/2026\/03\/o-b_s.ch_TWINT_QR.png\" alt=\"\" class=\"wp-image-1718\" srcset=\"https:\/\/yeahman.ch\/wp-content\/uploads\/2026\/03\/o-b_s.ch_TWINT_QR.png 355w, https:\/\/yeahman.ch\/wp-content\/uploads\/2026\/03\/o-b_s.ch_TWINT_QR-300x300.png 300w, https:\/\/yeahman.ch\/wp-content\/uploads\/2026\/03\/o-b_s.ch_TWINT_QR-150x150.png 150w\" sizes=\"auto, (max-width: 355px) 100vw, 355px\" \/><\/a><figcaption class=\"wp-element-caption\">mit Twint<br><em>bitte beim Feld &#8222;Nachname&#8220; yeahman.ch erg\u00e4nzen<\/em><\/figcaption><\/figure>\n<\/div>\n\n\n\n<div class=\"wp-block-column is-vertically-aligned-top is-layout-flow wp-block-column-is-layout-flow\"><div class=\"wp-block-image\">\n<figure class=\"aligncenter size-full is-resized\"><a href=\"https:\/\/stiftungobs.payrexx.com\/de\/pay?cid=01d4ae52&amp;hide_description=1\" target=\"_blank\" rel=\" noreferrer noopener\"><img loading=\"lazy\" decoding=\"async\" width=\"418\" height=\"460\" src=\"https:\/\/yeahman.ch\/wp-content\/uploads\/2026\/03\/Bildschirmfoto-2026-03-09-um-10.10.25.png\" alt=\"\" class=\"wp-image-1763\" style=\"aspect-ratio:0.908742291547909;width:250px;height:auto\" srcset=\"https:\/\/yeahman.ch\/wp-content\/uploads\/2026\/03\/Bildschirmfoto-2026-03-09-um-10.10.25.png 418w, https:\/\/yeahman.ch\/wp-content\/uploads\/2026\/03\/Bildschirmfoto-2026-03-09-um-10.10.25-273x300.png 273w, https:\/\/yeahman.ch\/wp-content\/uploads\/2026\/03\/Bildschirmfoto-2026-03-09-um-10.10.25-300x330.png 300w\" sizes=\"auto, (max-width: 418px) 100vw, 418px\" \/><\/a><figcaption class=\"wp-element-caption\">mit Kreditkarte<br><em>bitte beim Feld &#8222;Nachname&#8220; yeahman.ch erg\u00e4nzen<\/em><\/figcaption><\/figure>\n<\/div><\/div>\n\n\n\n<div class=\"wp-block-column is-layout-flow wp-block-column-is-layout-flow\">\n<figure class=\"wp-block-image size-full is-resized\"><a href=\"https:\/\/yeahman.ch\/wp-content\/uploads\/2026\/03\/o-b_s.ch_QR-Rechnung.pdf\" target=\"_blank\" rel=\" noreferrer noopener\"><img loading=\"lazy\" decoding=\"async\" width=\"133\" height=\"134\" src=\"https:\/\/yeahman.ch\/wp-content\/uploads\/2026\/03\/o-b_s.ch_SGKB_QR.png\" alt=\"\" class=\"wp-image-1719\" style=\"width:274px;height:auto\"\/><\/a><figcaption class=\"wp-element-caption\">mit Bank\u00fcberweisung<\/figcaption><\/figure>\n<\/div>\n<\/div>\n\n\n\n<p><\/p>\n","protected":false},"excerpt":{"rendered":"<p>Inspiriert vom Film Rat Race mit John Cleese l\u00f6st eines der folgenden Ereignisse auf unserer Rallye eine Spende von DIR an unser Charity Partner \u201eOstschweizer Blindenf\u00fchrhundeschule\u201c aus. Im Angebot ist: Unser Ziel ist es, bis sp\u00e4testens dem 27. Juli mehr als CHF 500 zu sammeln. Jeder Betrag ist willkommen \u2013 damit eine sehbehinderte oder blinde&#8230;<\/p>\n","protected":false},"author":2,"featured_media":0,"parent":1579,"menu_order":0,"comment_status":"closed","ping_status":"closed","template":"","meta":{"footnotes":""},"class_list":["post-1589","page","type-page","status-publish","hentry"],"_links":{"self":[{"href":"https:\/\/yeahman.ch\/index.php?rest_route=\/wp\/v2\/pages\/1589","targetHints":{"allow":["GET"]}}],"collection":[{"href":"https:\/\/yeahman.ch\/index.php?rest_route=\/wp\/v2\/pages"}],"about":[{"href":"https:\/\/yeahman.ch\/index.php?rest_route=\/wp\/v2\/types\/page"}],"author":[{"embeddable":true,"href":"https:\/\/yeahman.ch\/index.php?rest_route=\/wp\/v2\/users\/2"}],"replies":[{"embeddable":true,"href":"https:\/\/yeahman.ch\/index.php?rest_route=%2Fwp%2Fv2%2Fcomments&post=1589"}],"version-history":[{"count":89,"href":"https:\/\/yeahman.ch\/index.php?rest_route=\/wp\/v2\/pages\/1589\/revisions"}],"predecessor-version":[{"id":1772,"href":"https:\/\/yeahman.ch\/index.php?rest_route=\/wp\/v2\/pages\/1589\/revisions\/1772"}],"up":[{"embeddable":true,"href":"https:\/\/yeahman.ch\/index.php?rest_route=\/wp\/v2\/pages\/1579"}],"wp:attachment":[{"href":"https:\/\/yeahman.ch\/index.php?rest_route=%2Fwp%2Fv2%2Fmedia&parent=1589"}],"curies":[{"name":"wp","href":"https:\/\/api.w.org\/{rel}","templated":true}]}}