{"id":155,"date":"2022-08-08T10:32:06","date_gmt":"2022-08-08T10:32:06","guid":{"rendered":"https:\/\/yeahman.ch\/?page_id=155"},"modified":"2023-07-17T09:14:46","modified_gmt":"2023-07-17T09:14:46","slug":"yeahman-2","status":"publish","type":"page","link":"https:\/\/yeahman.ch\/?page_id=155","title":{"rendered":"Entstehung"},"content":{"rendered":"\n<figure class=\"wp-block-gallery has-nested-images columns-default is-cropped wp-block-gallery-1 is-layout-flex wp-block-gallery-is-layout-flex\">\n<figure class=\"wp-block-image size-medium\"><img loading=\"lazy\" decoding=\"async\" width=\"235\" height=\"300\" data-id=\"216\" src=\"https:\/\/yeahman.ch\/wp-content\/uploads\/2022\/08\/E00F8C0A-E0E3-4220-BFEC-EF8B64E94914-e1660024264951-235x300.jpeg\" alt=\"\" class=\"wp-image-216\" srcset=\"https:\/\/yeahman.ch\/wp-content\/uploads\/2022\/08\/E00F8C0A-E0E3-4220-BFEC-EF8B64E94914-e1660024264951-235x300.jpeg 235w, https:\/\/yeahman.ch\/wp-content\/uploads\/2022\/08\/E00F8C0A-E0E3-4220-BFEC-EF8B64E94914-e1660024264951-300x382.jpeg 300w, https:\/\/yeahman.ch\/wp-content\/uploads\/2022\/08\/E00F8C0A-E0E3-4220-BFEC-EF8B64E94914-e1660024264951.jpeg 500w\" sizes=\"auto, (max-width: 235px) 100vw, 235px\" \/><figcaption>Irene, Teamchefin und die Navigationsfee<\/figcaption><\/figure>\n\n\n\n<figure class=\"wp-block-image size-medium\"><img loading=\"lazy\" decoding=\"async\" width=\"300\" height=\"225\" data-id=\"222\" src=\"https:\/\/yeahman.ch\/wp-content\/uploads\/2022\/08\/EA662909-B6C5-40B1-96DF-5DD19FDE198C-300x225.jpeg\" alt=\"\" class=\"wp-image-222\" srcset=\"https:\/\/yeahman.ch\/wp-content\/uploads\/2022\/08\/EA662909-B6C5-40B1-96DF-5DD19FDE198C-300x225.jpeg 300w, https:\/\/yeahman.ch\/wp-content\/uploads\/2022\/08\/EA662909-B6C5-40B1-96DF-5DD19FDE198C.jpeg 640w\" sizes=\"auto, (max-width: 300px) 100vw, 300px\" \/><figcaption>Stefan &#8211; der Voranschieber<\/figcaption><\/figure>\n<figcaption class=\"blocks-gallery-caption\">Das Team yeahman<\/figcaption><\/figure>\n\n\n\n<div id=\"webcountdown\" class=\"mGJD14i\"><\/div>\n<script src=\"\/\/www.webcountdown.de\/js\/embed.js\" type=\"text\/javascript\"><\/script>\n\n\n\n<p><strong>Warum machen wir mit?<\/strong><br>Damit wir endlich auch mal R\u00e4tsel und Challenges l\u00f6sen d\u00fcrfen. <br><\/p>\n\n\n\n<p><strong>Woher kommt der Teamname?<\/strong><br>In der Karibik ist Yeahman die Standartantwort auf quasi jede Frage und hoffen so auf karibische Good Vibes.<\/p>\n\n\n\n<p><strong>Wessen Idee war es?<\/strong><br>Nat\u00fcrlich Stefans, aber Irene z\u00f6gerte keine Sekunde.<\/p>\n\n\n\n<p><strong>Wie verlief die Vorbereitung?<\/strong> <br>Hecktisch! Nur gerade 2 Wochen Vorlauf! Campingmaterial,  Werkzeug, Reparaturequipment, Survivalkit ect. organisieren (\u2764\ufe0f\u2013lichen Dank an all unsere Freunde, die uns Material ausgeliehen haben).<\/p>\n\n\n\n<p><strong>Was ist unser Ziel?<\/strong><br>Wir lassen uns \u00fcberraschen!<\/p>\n\n\n\n<p><strong>Was w\u00fcnschen wir uns?<\/strong><br>Dass mit unserer Chartiy\u2013Aktion viele Spendengelder zusammen kommen.<\/p>\n\n\n\n<figure class=\"wp-block-image size-large\"><img loading=\"lazy\" decoding=\"async\" width=\"1024\" height=\"394\" src=\"https:\/\/yeahman.ch\/wp-content\/uploads\/2022\/08\/A6E68758-5057-4B76-B6B1-4AFB8EBA630F-1024x394.jpeg\" alt=\"\" class=\"wp-image-211\" srcset=\"https:\/\/yeahman.ch\/wp-content\/uploads\/2022\/08\/A6E68758-5057-4B76-B6B1-4AFB8EBA630F-1024x394.jpeg 1024w, https:\/\/yeahman.ch\/wp-content\/uploads\/2022\/08\/A6E68758-5057-4B76-B6B1-4AFB8EBA630F-300x115.jpeg 300w, https:\/\/yeahman.ch\/wp-content\/uploads\/2022\/08\/A6E68758-5057-4B76-B6B1-4AFB8EBA630F-768x295.jpeg 768w, https:\/\/yeahman.ch\/wp-content\/uploads\/2022\/08\/A6E68758-5057-4B76-B6B1-4AFB8EBA630F-850x327.jpeg 850w, https:\/\/yeahman.ch\/wp-content\/uploads\/2022\/08\/A6E68758-5057-4B76-B6B1-4AFB8EBA630F.jpeg 1170w\" sizes=\"auto, (max-width: 1024px) 100vw, 1024px\" \/><\/figure>\n\n\n\n<p><strong>Wie ist die Rollenverteilung?<\/strong><br>Stefan ist der Vorantreiber, Irene die Navigationsfee (oldschool Karten lesen) ansonsten ist Teamwork angesagt.<\/p>\n\n\n\n<p><strong>Was machen wir, wenn wir eine Panne haben?<\/strong><br>Selbst ist der\/die Mann\/Frau und TCS anrufen.<\/p>\n","protected":false},"excerpt":{"rendered":"<p>Warum machen wir mit?Damit wir endlich auch mal R\u00e4tsel und Challenges l\u00f6sen d\u00fcrfen. Woher kommt der Teamname?In der Karibik ist Yeahman die Standartantwort auf quasi jede Frage und hoffen so auf karibische Good Vibes. Wessen Idee war es?Nat\u00fcrlich Stefans, aber Irene z\u00f6gerte keine Sekunde. Wie verlief die Vorbereitung? Hecktisch! Nur gerade 2 Wochen Vorlauf! Campingmaterial,&#8230;<\/p>\n","protected":false},"author":2,"featured_media":0,"parent":1178,"menu_order":0,"comment_status":"open","ping_status":"closed","template":"","meta":{"footnotes":""},"class_list":["post-155","page","type-page","status-publish","hentry"],"_links":{"self":[{"href":"https:\/\/yeahman.ch\/index.php?rest_route=\/wp\/v2\/pages\/155","targetHints":{"allow":["GET"]}}],"collection":[{"href":"https:\/\/yeahman.ch\/index.php?rest_route=\/wp\/v2\/pages"}],"about":[{"href":"https:\/\/yeahman.ch\/index.php?rest_route=\/wp\/v2\/types\/page"}],"author":[{"embeddable":true,"href":"https:\/\/yeahman.ch\/index.php?rest_route=\/wp\/v2\/users\/2"}],"replies":[{"embeddable":true,"href":"https:\/\/yeahman.ch\/index.php?rest_route=%2Fwp%2Fv2%2Fcomments&post=155"}],"version-history":[{"count":30,"href":"https:\/\/yeahman.ch\/index.php?rest_route=\/wp\/v2\/pages\/155\/revisions"}],"predecessor-version":[{"id":703,"href":"https:\/\/yeahman.ch\/index.php?rest_route=\/wp\/v2\/pages\/155\/revisions\/703"}],"up":[{"embeddable":true,"href":"https:\/\/yeahman.ch\/index.php?rest_route=\/wp\/v2\/pages\/1178"}],"wp:attachment":[{"href":"https:\/\/yeahman.ch\/index.php?rest_route=%2Fwp%2Fv2%2Fmedia&parent=155"}],"curies":[{"name":"wp","href":"https:\/\/api.w.org\/{rel}","templated":true}]}}